{"id":6224,"date":"2026-03-25T16:59:46","date_gmt":"2026-03-25T15:59:46","guid":{"rendered":"https:\/\/baukasten.neue-effizienz.de\/neu\/?page_id=6224"},"modified":"2026-04-10T15:22:55","modified_gmt":"2026-04-10T13:22:55","slug":"elementor-seite-6224","status":"publish","type":"page","link":"https:\/\/baukasten.neue-effizienz.de\/neu\/elementor-seite-6224\/","title":{"rendered":"Elementor Seite #6224"},"content":{"rendered":"\t\t<div data-elementor-type=\"wp-page\" data-elementor-id=\"6224\" class=\"elementor elementor-6224\" data-elementor-post-type=\"page\">\n\t\t\t\t<div class=\"elementor-element elementor-element-26aa1c75 e-con-full e-flex e-con e-parent\" data-id=\"26aa1c75\" data-element_type=\"container\" data-e-type=\"container\" data-settings=\"{&quot;background_background&quot;:&quot;classic&quot;,&quot;background_motion_fx_motion_fx_scrolling&quot;:&quot;yes&quot;,&quot;background_motion_fx_translateY_effect&quot;:&quot;yes&quot;,&quot;background_motion_fx_translateY_speed&quot;:{&quot;unit&quot;:&quot;px&quot;,&quot;size&quot;:6.7,&quot;sizes&quot;:[]},&quot;background_motion_fx_devices&quot;:[&quot;desktop&quot;,&quot;tablet&quot;],&quot;background_motion_fx_translateY_affectedRange&quot;:{&quot;unit&quot;:&quot;%&quot;,&quot;size&quot;:&quot;&quot;,&quot;sizes&quot;:{&quot;start&quot;:0,&quot;end&quot;:100}}}\">\n\t\t<div class=\"elementor-element elementor-element-4fd72dfc e-flex e-con-boxed e-con e-child\" data-id=\"4fd72dfc\" data-element_type=\"container\" data-e-type=\"container\">\n\t\t\t\t\t<div class=\"e-con-inner\">\n\t\t<div class=\"elementor-element elementor-element-78d587d4 e-con-full e-flex e-con e-child\" data-id=\"78d587d4\" data-element_type=\"container\" data-e-type=\"container\">\n\t\t\t\t<div class=\"elementor-element elementor-element-4a2ac5f9 elementor-invisible elementor-widget elementor-widget-heading\" data-id=\"4a2ac5f9\" data-element_type=\"widget\" data-e-type=\"widget\" data-settings=\"{&quot;_animation&quot;:&quot;fadeInUp&quot;}\" data-widget_type=\"heading.default\">\n\t\t\t\t<div class=\"elementor-widget-container\">\n\t\t\t\t\t<h6 class=\"elementor-heading-title elementor-size-default\"><b>Neue Effizienz gemeinn\u00fctzige GmbH<\/b><\/h6>\t\t\t\t<\/div>\n\t\t\t\t<\/div>\n\t\t\t\t<div class=\"elementor-element elementor-element-45ad1fd1 elementor-invisible elementor-widget elementor-widget-heading\" data-id=\"45ad1fd1\" data-element_type=\"widget\" data-e-type=\"widget\" data-settings=\"{&quot;_animation&quot;:&quot;fadeInUp&quot;}\" data-widget_type=\"heading.default\">\n\t\t\t\t<div class=\"elementor-widget-container\">\n\t\t\t\t\t<h1 class=\"elementor-heading-title elementor-size-default\">Transformation gelingt nur gemeinsam.<\/h1>\t\t\t\t<\/div>\n\t\t\t\t<\/div>\n\t\t\t\t<div class=\"elementor-element elementor-element-3072301 elementor-invisible elementor-widget elementor-widget-text-editor\" data-id=\"3072301\" data-element_type=\"widget\" data-e-type=\"widget\" data-settings=\"{&quot;_animation&quot;:&quot;fadeInUp&quot;}\" data-widget_type=\"text-editor.default\">\n\t\t\t\t<div class=\"elementor-widget-container\">\n\t\t\t\t\t\t\t\t\t<p>Denkschmiede f\u00fcr nachhaltige Transformation im Bergischen St\u00e4dtedreieck. <br \/>Gemeinsam. Innovativ. Nachhaltig.<\/p>\t\t\t\t\t\t\t\t<\/div>\n\t\t\t\t<\/div>\n\t\t<div class=\"elementor-element elementor-element-639a5ed e-con-full e-flex elementor-invisible e-con e-child\" data-id=\"639a5ed\" data-element_type=\"container\" data-e-type=\"container\" data-settings=\"{&quot;animation&quot;:&quot;fadeInUp&quot;}\">\n\t\t\t\t<div class=\"elementor-element elementor-element-147911e1 elementor-widget elementor-widget-button\" data-id=\"147911e1\" data-element_type=\"widget\" data-e-type=\"widget\" data-widget_type=\"button.default\">\n\t\t\t\t<div class=\"elementor-widget-container\">\n\t\t\t\t\t\t\t\t\t<div class=\"elementor-button-wrapper\">\n\t\t\t\t\t<a class=\"elementor-button elementor-button-link elementor-size-sm\" href=\"#\">\n\t\t\t\t\t\t<span class=\"elementor-button-content-wrapper\">\n\t\t\t\t\t\t<span class=\"elementor-button-icon\">\n\t\t\t\t<i aria-hidden=\"true\" class=\"fas fa-arrow-right\"><\/i>\t\t\t<\/span>\n\t\t\t\t\t\t\t\t\t<span class=\"elementor-button-text\">Unsere Arbeit<\/span>\n\t\t\t\t\t<\/span>\n\t\t\t\t\t<\/a>\n\t\t\t\t<\/div>\n\t\t\t\t\t\t\t\t<\/div>\n\t\t\t\t<\/div>\n\t\t\t\t<div class=\"elementor-element elementor-element-78b9780e elementor-widget elementor-widget-global elementor-global-6550 elementor-widget-button\" data-id=\"78b9780e\" data-element_type=\"widget\" data-e-type=\"widget\" data-widget_type=\"button.default\">\n\t\t\t\t<div class=\"elementor-widget-container\">\n\t\t\t\t\t\t\t\t\t<div class=\"elementor-button-wrapper\">\n\t\t\t\t\t<a class=\"elementor-button elementor-button-link elementor-size-sm\" href=\"#\">\n\t\t\t\t\t\t<span class=\"elementor-button-content-wrapper\">\n\t\t\t\t\t\t\t\t\t<span class=\"elementor-button-text\">Kontakt aufnehmen<\/span>\n\t\t\t\t\t<\/span>\n\t\t\t\t\t<\/a>\n\t\t\t\t<\/div>\n\t\t\t\t\t\t\t\t<\/div>\n\t\t\t\t<\/div>\n\t\t\t\t<\/div>\n\t\t\t\t<\/div>\n\t\t\t\t\t<\/div>\n\t\t\t\t<\/div>\n\t\t\t\t<\/div>\n\t\t<div class=\"elementor-element elementor-element-f87dbfd e-flex e-con-boxed e-con e-parent\" data-id=\"f87dbfd\" data-element_type=\"container\" data-e-type=\"container\">\n\t\t\t\t\t<div class=\"e-con-inner\">\n\t\t\t\t<div class=\"elementor-element elementor-element-76da604 elementor-widget__width-initial elementor-widget elementor-widget-heading\" data-id=\"76da604\" data-element_type=\"widget\" data-e-type=\"widget\" data-widget_type=\"heading.default\">\n\t\t\t\t<div class=\"elementor-widget-container\">\n\t\t\t\t\t<h1 class=\"elementor-heading-title elementor-size-default\">H1: Die Welt ein St\u00fcck besser machen<\/h1>\t\t\t\t<\/div>\n\t\t\t\t<\/div>\n\t\t\t\t<div class=\"elementor-element elementor-element-df711c8 elementor-widget elementor-widget-heading\" data-id=\"df711c8\" data-element_type=\"widget\" data-e-type=\"widget\" data-widget_type=\"heading.default\">\n\t\t\t\t<div class=\"elementor-widget-container\">\n\t\t\t\t\t<h2 class=\"elementor-heading-title elementor-size-default\">H2: Die Welt ein St\u00fcck besser machen<\/h2>\t\t\t\t<\/div>\n\t\t\t\t<\/div>\n\t\t\t\t<div class=\"elementor-element elementor-element-3b12953 elementor-widget elementor-widget-heading\" data-id=\"3b12953\" data-element_type=\"widget\" data-e-type=\"widget\" data-widget_type=\"heading.default\">\n\t\t\t\t<div class=\"elementor-widget-container\">\n\t\t\t\t\t<h3 class=\"elementor-heading-title elementor-size-default\">H3: Die Welt ein St\u00fcck besser machen<\/h3>\t\t\t\t<\/div>\n\t\t\t\t<\/div>\n\t\t\t\t<div class=\"elementor-element elementor-element-961e741 elementor-widget elementor-widget-heading\" data-id=\"961e741\" data-element_type=\"widget\" data-e-type=\"widget\" data-widget_type=\"heading.default\">\n\t\t\t\t<div class=\"elementor-widget-container\">\n\t\t\t\t\t<h4 class=\"elementor-heading-title elementor-size-default\">H4: Die Welt ein St\u00fcck besser machen<\/h4>\t\t\t\t<\/div>\n\t\t\t\t<\/div>\n\t\t\t\t<div class=\"elementor-element elementor-element-accdf8c elementor-widget elementor-widget-heading\" data-id=\"accdf8c\" data-element_type=\"widget\" data-e-type=\"widget\" data-widget_type=\"heading.default\">\n\t\t\t\t<div class=\"elementor-widget-container\">\n\t\t\t\t\t<div class=\"elementor-heading-title elementor-size-default\">div: Die Welt ein St\u00fcck besser machen<\/div>\t\t\t\t<\/div>\n\t\t\t\t<\/div>\n\t\t\t\t<div class=\"elementor-element elementor-element-c11ae87 elementor-widget elementor-widget-text-editor\" data-id=\"c11ae87\" data-element_type=\"widget\" data-e-type=\"widget\" data-widget_type=\"text-editor.default\">\n\t\t\t\t<div class=\"elementor-widget-container\">\n\t\t\t\t\t\t\t\t\t<p>When a company has been in business for more than 120 years and employs 183,000 people, changing how it works is like turning an ocean liner: You rotate the wheel slowly and make sure everyone is on board. Jim Hackett, who became captain of Ford\u2019s ship in 2017, knew that the company would have to transform itself to remain competitive and future fit. For over a decade, we&#8217;ve helped the automaker see the future and make it tangible. That\u2019s changed how the company works, most visibly in its internal human-centered-design hub, D-Ford. Hackett retired in 2020, but for new Ford CEO Jim Farley, the year 2022 has been a banner one. The automaker\u2019s electric fleet\u2014including the Mustang Mach-E and an all-electric version of America\u2019s best-selling truck, the new F-150 Lightning\u2014has been wildly popular.<\/p>\t\t\t\t\t\t\t\t<\/div>\n\t\t\t\t<\/div>\n\t\t\t\t\t<\/div>\n\t\t\t\t<\/div>\n\t\t\t\t<\/div>\n\t\t","protected":false},"excerpt":{"rendered":"<p>Neue Effizienz gemeinn\u00fctzige GmbH Transformation gelingt nur gemeinsam. Denkschmiede f\u00fcr nachhaltige Transformation im Bergischen St\u00e4dtedreieck. Gemeinsam. Innovativ. Nachhaltig. Unsere Arbeit Kontakt aufnehmen H1: Die Welt ein St\u00fcck besser machen H2: Die Welt ein St\u00fcck besser machen H3: Die Welt ein St\u00fcck besser machen H4: Die Welt ein St\u00fcck besser machen div: Die Welt ein St\u00fcck [&hellip;]<\/p>\n","protected":false},"author":39,"featured_media":0,"parent":0,"menu_order":0,"comment_status":"closed","ping_status":"closed","template":"","meta":{"_acf_changed":false,"inline_featured_image":false,"site-sidebar-layout":"no-sidebar","site-content-layout":"page-builder","ast-site-content-layout":"full-width-container","site-content-style":"default","site-sidebar-style":"default","ast-global-header-display":"","ast-banner-title-visibility":"","ast-main-header-display":"","ast-hfb-above-header-display":"","ast-hfb-below-header-display":"","ast-hfb-mobile-header-display":"","site-post-title":"disabled","ast-breadcrumbs-content":"","ast-featured-img":"disabled","footer-sml-layout":"","ast-disable-related-posts":"","theme-transparent-header-meta":"","adv-header-id-meta":"","stick-header-meta":"","header-above-stick-meta":"","header-main-stick-meta":"","header-below-stick-meta":"","astra-migrate-meta-layouts":"default","ast-page-background-enabled":"default","ast-page-background-meta":{"desktop":{"background-color":"var(--ast-global-color-4)","background-image":"","background-repeat":"repeat","background-position":"center center","background-size":"auto","background-attachment":"scroll","background-type":"","background-media":"","overlay-type":"","overlay-color":"","overlay-opacity":"","overlay-gradient":""},"tablet":{"background-color":"","background-image":"","background-repeat":"repeat","background-position":"center center","background-size":"auto","background-attachment":"scroll","background-type":"","background-media":"","overlay-type":"","overlay-color":"","overlay-opacity":"","overlay-gradient":""},"mobile":{"background-color":"","background-image":"","background-repeat":"repeat","background-position":"center center","background-size":"auto","background-attachment":"scroll","background-type":"","background-media":"","overlay-type":"","overlay-color":"","overlay-opacity":"","overlay-gradient":""}},"ast-content-background-meta":{"desktop":{"background-color":"var(--ast-global-color-5)","background-image":"","background-repeat":"repeat","background-position":"center center","background-size":"auto","background-attachment":"scroll","background-type":"","background-media":"","overlay-type":"","overlay-color":"","overlay-opacity":"","overlay-gradient":""},"tablet":{"background-color":"var(--ast-global-color-5)","background-image":"","background-repeat":"repeat","background-position":"center center","background-size":"auto","background-attachment":"scroll","background-type":"","background-media":"","overlay-type":"","overlay-color":"","overlay-opacity":"","overlay-gradient":""},"mobile":{"background-color":"var(--ast-global-color-5)","background-image":"","background-repeat":"repeat","background-position":"center center","background-size":"auto","background-attachment":"scroll","background-type":"","background-media":"","overlay-type":"","overlay-color":"","overlay-opacity":"","overlay-gradient":""}},"footnotes":""},"class_list":["post-6224","page","type-page","status-publish","hentry"],"acf":[],"yoast_head":"<!-- This site is optimized with the Yoast SEO plugin v27.1.1 - https:\/\/yoast.com\/product\/yoast-seo-wordpress\/ -->\n<title>Elementor Seite #6224 - NE Relaunch<\/title>\n<meta name=\"robots\" content=\"index, follow, max-snippet:-1, max-image-preview:large, max-video-preview:-1\" \/>\n<link rel=\"canonical\" href=\"https:\/\/baukasten.neue-effizienz.de\/neu\/elementor-seite-6224\/\" \/>\n<meta property=\"og:locale\" content=\"de_DE\" \/>\n<meta property=\"og:type\" content=\"article\" \/>\n<meta property=\"og:title\" content=\"Elementor Seite #6224 - NE Relaunch\" \/>\n<meta property=\"og:description\" content=\"Neue Effizienz gemeinn\u00fctzige GmbH Transformation gelingt nur gemeinsam. Denkschmiede f\u00fcr nachhaltige Transformation im Bergischen St\u00e4dtedreieck. Gemeinsam. Innovativ. Nachhaltig. Unsere Arbeit Kontakt aufnehmen H1: Die Welt ein St\u00fcck besser machen H2: Die Welt ein St\u00fcck besser machen H3: Die Welt ein St\u00fcck besser machen H4: Die Welt ein St\u00fcck besser machen div: Die Welt ein St\u00fcck [&hellip;]\" \/>\n<meta property=\"og:url\" content=\"https:\/\/baukasten.neue-effizienz.de\/neu\/elementor-seite-6224\/\" \/>\n<meta property=\"og:site_name\" content=\"NE Relaunch\" \/>\n<meta property=\"article:publisher\" content=\"https:\/\/www.facebook.com\/neueeffizienz\/about?checkpoint_src=any\" \/>\n<meta property=\"article:modified_time\" content=\"2026-04-10T13:22:55+00:00\" \/>\n<meta name=\"twitter:card\" content=\"summary_large_image\" \/>\n<meta name=\"twitter:label1\" content=\"Gesch\u00e4tzte Lesezeit\" \/>\n\t<meta name=\"twitter:data1\" content=\"2\u00a0Minuten\" \/>\n<script type=\"application\/ld+json\" class=\"yoast-schema-graph\">{\"@context\":\"https:\/\/schema.org\",\"@graph\":[{\"@type\":\"WebPage\",\"@id\":\"https:\/\/baukasten.neue-effizienz.de\/neu\/elementor-seite-6224\/\",\"url\":\"https:\/\/baukasten.neue-effizienz.de\/neu\/elementor-seite-6224\/\",\"name\":\"Elementor Seite #6224 - NE Relaunch\",\"isPartOf\":{\"@id\":\"https:\/\/baukasten.neue-effizienz.de\/neu\/#website\"},\"datePublished\":\"2026-03-25T15:59:46+00:00\",\"dateModified\":\"2026-04-10T13:22:55+00:00\",\"breadcrumb\":{\"@id\":\"https:\/\/baukasten.neue-effizienz.de\/neu\/elementor-seite-6224\/#breadcrumb\"},\"inLanguage\":\"de\",\"potentialAction\":[{\"@type\":\"ReadAction\",\"target\":[\"https:\/\/baukasten.neue-effizienz.de\/neu\/elementor-seite-6224\/\"]}]},{\"@type\":\"BreadcrumbList\",\"@id\":\"https:\/\/baukasten.neue-effizienz.de\/neu\/elementor-seite-6224\/#breadcrumb\",\"itemListElement\":[{\"@type\":\"ListItem\",\"position\":1,\"name\":\"Startseite\",\"item\":\"https:\/\/baukasten.neue-effizienz.de\/neu\/\"},{\"@type\":\"ListItem\",\"position\":2,\"name\":\"Elementor Seite #6224\"}]},{\"@type\":\"WebSite\",\"@id\":\"https:\/\/baukasten.neue-effizienz.de\/neu\/#website\",\"url\":\"https:\/\/baukasten.neue-effizienz.de\/neu\/\",\"name\":\"Neue Effizienz gGmbH\",\"description\":\"Neue Multisite f\u00fcr den Relaunch\",\"publisher\":{\"@id\":\"https:\/\/baukasten.neue-effizienz.de\/neu\/#organization\"},\"potentialAction\":[{\"@type\":\"SearchAction\",\"target\":{\"@type\":\"EntryPoint\",\"urlTemplate\":\"https:\/\/baukasten.neue-effizienz.de\/neu\/?s={search_term_string}\"},\"query-input\":{\"@type\":\"PropertyValueSpecification\",\"valueRequired\":true,\"valueName\":\"search_term_string\"}}],\"inLanguage\":\"de\"},{\"@type\":\"Organization\",\"@id\":\"https:\/\/baukasten.neue-effizienz.de\/neu\/#organization\",\"name\":\"Neue Effizienz gGmbH\",\"alternateName\":\"Neue Effizienz\",\"url\":\"https:\/\/baukasten.neue-effizienz.de\/neu\/\",\"logo\":{\"@type\":\"ImageObject\",\"inLanguage\":\"de\",\"@id\":\"https:\/\/baukasten.neue-effizienz.de\/neu\/#\/schema\/logo\/image\/\",\"url\":\"https:\/\/baukasten.neue-effizienz.de\/neu\/wp-content\/uploads\/sites\/15\/2025\/07\/logo_WEB_neue_effizienz_LANG_primaer_zuschnitt.png\",\"contentUrl\":\"https:\/\/baukasten.neue-effizienz.de\/neu\/wp-content\/uploads\/sites\/15\/2025\/07\/logo_WEB_neue_effizienz_LANG_primaer_zuschnitt.png\",\"width\":1919,\"height\":415,\"caption\":\"Neue Effizienz gGmbH\"},\"image\":{\"@id\":\"https:\/\/baukasten.neue-effizienz.de\/neu\/#\/schema\/logo\/image\/\"},\"sameAs\":[\"https:\/\/www.facebook.com\/neueeffizienz\/about?checkpoint_src=any\",\"https:\/\/www.instagram.com\/neue.effizienz\/\"]}]}<\/script>\n<!-- \/ Yoast SEO plugin. -->","yoast_head_json":{"title":"Elementor Seite #6224 - NE Relaunch","robots":{"index":"index","follow":"follow","max-snippet":"max-snippet:-1","max-image-preview":"max-image-preview:large","max-video-preview":"max-video-preview:-1"},"canonical":"https:\/\/baukasten.neue-effizienz.de\/neu\/elementor-seite-6224\/","og_locale":"de_DE","og_type":"article","og_title":"Elementor Seite #6224 - NE Relaunch","og_description":"Neue Effizienz gemeinn\u00fctzige GmbH Transformation gelingt nur gemeinsam. Denkschmiede f\u00fcr nachhaltige Transformation im Bergischen St\u00e4dtedreieck. Gemeinsam. Innovativ. Nachhaltig. Unsere Arbeit Kontakt aufnehmen H1: Die Welt ein St\u00fcck besser machen H2: Die Welt ein St\u00fcck besser machen H3: Die Welt ein St\u00fcck besser machen H4: Die Welt ein St\u00fcck besser machen div: Die Welt ein St\u00fcck [&hellip;]","og_url":"https:\/\/baukasten.neue-effizienz.de\/neu\/elementor-seite-6224\/","og_site_name":"NE Relaunch","article_publisher":"https:\/\/www.facebook.com\/neueeffizienz\/about?checkpoint_src=any","article_modified_time":"2026-04-10T13:22:55+00:00","twitter_card":"summary_large_image","twitter_misc":{"Gesch\u00e4tzte Lesezeit":"2\u00a0Minuten"},"schema":{"@context":"https:\/\/schema.org","@graph":[{"@type":"WebPage","@id":"https:\/\/baukasten.neue-effizienz.de\/neu\/elementor-seite-6224\/","url":"https:\/\/baukasten.neue-effizienz.de\/neu\/elementor-seite-6224\/","name":"Elementor Seite #6224 - NE Relaunch","isPartOf":{"@id":"https:\/\/baukasten.neue-effizienz.de\/neu\/#website"},"datePublished":"2026-03-25T15:59:46+00:00","dateModified":"2026-04-10T13:22:55+00:00","breadcrumb":{"@id":"https:\/\/baukasten.neue-effizienz.de\/neu\/elementor-seite-6224\/#breadcrumb"},"inLanguage":"de","potentialAction":[{"@type":"ReadAction","target":["https:\/\/baukasten.neue-effizienz.de\/neu\/elementor-seite-6224\/"]}]},{"@type":"BreadcrumbList","@id":"https:\/\/baukasten.neue-effizienz.de\/neu\/elementor-seite-6224\/#breadcrumb","itemListElement":[{"@type":"ListItem","position":1,"name":"Startseite","item":"https:\/\/baukasten.neue-effizienz.de\/neu\/"},{"@type":"ListItem","position":2,"name":"Elementor Seite #6224"}]},{"@type":"WebSite","@id":"https:\/\/baukasten.neue-effizienz.de\/neu\/#website","url":"https:\/\/baukasten.neue-effizienz.de\/neu\/","name":"Neue Effizienz gGmbH","description":"Neue Multisite f\u00fcr den Relaunch","publisher":{"@id":"https:\/\/baukasten.neue-effizienz.de\/neu\/#organization"},"potentialAction":[{"@type":"SearchAction","target":{"@type":"EntryPoint","urlTemplate":"https:\/\/baukasten.neue-effizienz.de\/neu\/?s={search_term_string}"},"query-input":{"@type":"PropertyValueSpecification","valueRequired":true,"valueName":"search_term_string"}}],"inLanguage":"de"},{"@type":"Organization","@id":"https:\/\/baukasten.neue-effizienz.de\/neu\/#organization","name":"Neue Effizienz gGmbH","alternateName":"Neue Effizienz","url":"https:\/\/baukasten.neue-effizienz.de\/neu\/","logo":{"@type":"ImageObject","inLanguage":"de","@id":"https:\/\/baukasten.neue-effizienz.de\/neu\/#\/schema\/logo\/image\/","url":"https:\/\/baukasten.neue-effizienz.de\/neu\/wp-content\/uploads\/sites\/15\/2025\/07\/logo_WEB_neue_effizienz_LANG_primaer_zuschnitt.png","contentUrl":"https:\/\/baukasten.neue-effizienz.de\/neu\/wp-content\/uploads\/sites\/15\/2025\/07\/logo_WEB_neue_effizienz_LANG_primaer_zuschnitt.png","width":1919,"height":415,"caption":"Neue Effizienz gGmbH"},"image":{"@id":"https:\/\/baukasten.neue-effizienz.de\/neu\/#\/schema\/logo\/image\/"},"sameAs":["https:\/\/www.facebook.com\/neueeffizienz\/about?checkpoint_src=any","https:\/\/www.instagram.com\/neue.effizienz\/"]}]}},"_links":{"self":[{"href":"https:\/\/baukasten.neue-effizienz.de\/neu\/wp-json\/wp\/v2\/pages\/6224","targetHints":{"allow":["GET"]}}],"collection":[{"href":"https:\/\/baukasten.neue-effizienz.de\/neu\/wp-json\/wp\/v2\/pages"}],"about":[{"href":"https:\/\/baukasten.neue-effizienz.de\/neu\/wp-json\/wp\/v2\/types\/page"}],"author":[{"embeddable":true,"href":"https:\/\/baukasten.neue-effizienz.de\/neu\/wp-json\/wp\/v2\/users\/39"}],"replies":[{"embeddable":true,"href":"https:\/\/baukasten.neue-effizienz.de\/neu\/wp-json\/wp\/v2\/comments?post=6224"}],"version-history":[{"count":16,"href":"https:\/\/baukasten.neue-effizienz.de\/neu\/wp-json\/wp\/v2\/pages\/6224\/revisions"}],"predecessor-version":[{"id":6606,"href":"https:\/\/baukasten.neue-effizienz.de\/neu\/wp-json\/wp\/v2\/pages\/6224\/revisions\/6606"}],"wp:attachment":[{"href":"https:\/\/baukasten.neue-effizienz.de\/neu\/wp-json\/wp\/v2\/media?parent=6224"}],"curies":[{"name":"wp","href":"https:\/\/api.w.org\/{rel}","templated":true}]}}